{"id":5527,"date":"2025-07-15T08:35:05","date_gmt":"2025-07-15T06:35:05","guid":{"rendered":"https:\/\/claudiavanniniweb.com\/contact\/"},"modified":"2025-09-16T09:26:13","modified_gmt":"2025-09-16T07:26:13","slug":"contacto","status":"publish","type":"page","link":"https:\/\/claudiavanniniweb.com\/es\/contacto\/","title":{"rendered":"Contacto"},"content":{"rendered":"\t\t<div data-elementor-type=\"wp-page\" data-elementor-id=\"5527\" class=\"elementor elementor-5527 elementor-4923\" data-elementor-post-type=\"page\">\n\t\t\t\t\t\t<section class=\"elementor-section elementor-top-section elementor-element elementor-element-f748b4a elementor-section-full_width elementor-section-height-default elementor-section-height-default\" data-id=\"f748b4a\" data-element_type=\"section\">\n\t\t\t\t\t\t<div class=\"elementor-container elementor-column-gap-no\">\n\t\t\t\t\t<div class=\"elementor-column elementor-col-100 elementor-top-column elementor-element elementor-element-40f919e\" data-id=\"40f919e\" data-element_type=\"column\">\n\t\t\t<div class=\"elementor-widget-wrap elementor-element-populated\">\n\t\t\t\t\t\t<div class=\"elementor-element elementor-element-f0ff328 elementor-widget elementor-widget-vlt-page-title\" data-id=\"f0ff328\" data-element_type=\"widget\" data-settings=\"{&quot;aos_animation_name&quot;:&quot;none&quot;}\" data-widget_type=\"vlt-page-title.default\">\n\t\t\t\t<div class=\"elementor-widget-container\">\n\t\t\t\t\t\r\n\t\t<div class=\"vlt-page-title\">\r\n\r\n\t\t\t<div class=\"container\">\r\n\r\n\t\t\t\t<h1 class=\"vlt-page-title__heading\">\u00bfHablamos?<\/h1><p class=\"vlt-page-title__subtitle\">Importar desde China empieza con una buena conversaci\u00f3n<\/p>\r\n\t\t\t<\/div>\r\n\r\n\t\t<\/div>\r\n\r\n\t\t<div id=\"f0ff328\"><\/div>\r\n\r\n\t\t\t\t\t\t<\/div>\n\t\t\t\t<\/div>\n\t\t\t\t\t<\/div>\n\t\t<\/div>\n\t\t\t\t\t<\/div>\n\t\t<\/section>\n\t\t\t\t<section class=\"elementor-section elementor-top-section elementor-element elementor-element-ac1361a elementor-section-boxed elementor-section-height-default elementor-section-height-default\" data-id=\"ac1361a\" data-element_type=\"section\">\n\t\t\t\t\t\t<div class=\"elementor-container elementor-column-gap-extended\">\n\t\t\t\t\t<div class=\"elementor-column elementor-col-100 elementor-top-column elementor-element elementor-element-5fc2dda\" data-id=\"5fc2dda\" data-element_type=\"column\">\n\t\t\t<div class=\"elementor-widget-wrap elementor-element-populated\">\n\t\t\t\t\t\t<div data-aos=\"custom\" data-aos-once=\"true\" class=\"elementor-element elementor-element-668c45c elementor-widget elementor-widget-vlt-section-title\" data-id=\"668c45c\" data-element_type=\"widget\" data-settings=\"{&quot;aos_animation_name&quot;:&quot;custom&quot;}\" data-widget_type=\"vlt-section-title.default\">\n\t\t\t\t<div class=\"elementor-widget-container\">\n\t\t\t\t\t\n\t\t<div class=\"vlt-section-title\">\n\n\t\t\t\n\t\t\t\t<h2 class=\"vlt-section-title__heading \">\n\n\t\t\t\t\tComun\u00edcate conmigo \n\t\t\t\t<\/h2>\n\n\t\t\t\n\t\t\t\t\t\t\t<p class=\"vlt-section-title__description\">Cu\u00e9ntame qu\u00e9 necesitas y te responder\u00e9 para valorar c\u00f3mo puedo acompa\u00f1arte en tu proceso de importaci\u00f3n.<\/p>\n\t\t\t\n\t\t<\/div>\n\n\t\t\t\t\t<\/div>\n\t\t\t\t<\/div>\n\t\t\t\t\t<\/div>\n\t\t<\/div>\n\t\t\t\t\t<\/div>\n\t\t<\/section>\n\t\t\t\t<section class=\"elementor-section elementor-top-section elementor-element elementor-element-fbeae9b elementor-section-boxed elementor-section-height-default elementor-section-height-default\" data-id=\"fbeae9b\" data-element_type=\"section\">\n\t\t\t\t\t\t<div class=\"elementor-container elementor-column-gap-extended\">\n\t\t\t\t\t<div class=\"elementor-column elementor-col-50 elementor-top-column elementor-element elementor-element-90b916f\" data-id=\"90b916f\" data-element_type=\"column\">\n\t\t\t<div class=\"elementor-widget-wrap elementor-element-populated\">\n\t\t\t\t\t\t<div data-aos=\"custom\" data-aos-once=\"true\" class=\"elementor-element elementor-element-b7bdfb7 elementor-widget elementor-widget-vlt-contact-form-7\" data-id=\"b7bdfb7\" data-element_type=\"widget\" data-settings=\"{&quot;aos_animation_name&quot;:&quot;custom&quot;}\" data-widget_type=\"vlt-contact-form-7.default\">\n\t\t\t\t<div class=\"elementor-widget-container\">\n\t\t\t\t\t\n\t\t<div class=\"vlt-contact-form-7\">\n\n\t\t\t\n<div class=\"wpcf7 no-js\" id=\"wpcf7-f5493-o1\" lang=\"en-US\" dir=\"ltr\" data-wpcf7-id=\"5493\">\n<div class=\"screen-reader-response\"><p role=\"status\" aria-live=\"polite\" aria-atomic=\"true\"><\/p> <ul><\/ul><\/div>\n<form action=\"\/es\/wp-json\/wp\/v2\/pages\/5527#wpcf7-f5493-o1\" method=\"post\" class=\"wpcf7-form init\" aria-label=\"Contact form\" novalidate=\"novalidate\" data-status=\"init\">\n<fieldset class=\"hidden-fields-container\"><input type=\"hidden\" name=\"_wpcf7\" value=\"5493\" \/><input type=\"hidden\" name=\"_wpcf7_version\" value=\"6.1.1\" \/><input type=\"hidden\" name=\"_wpcf7_locale\" value=\"en_US\" \/><input type=\"hidden\" name=\"_wpcf7_unit_tag\" value=\"wpcf7-f5493-o1\" \/><input type=\"hidden\" name=\"_wpcf7_container_post\" value=\"0\" \/><input type=\"hidden\" name=\"_wpcf7_posted_data_hash\" value=\"\" \/>\n<\/fieldset>\n<div class=\"vlt-form-row two-col\">\n  <div class=\"vlt-form-group\">\n    <label for=\"name\">Nombre*<\/label>\n      <span class=\"wpcf7-form-control-wrap\" data-name=\"your-name\"><input size=\"40\" maxlength=\"400\" class=\"wpcf7-form-control wpcf7-text wpcf7-validates-as-required\" id=\"name\" aria-required=\"true\" aria-invalid=\"false\" value=\"\" type=\"text\" name=\"your-name\" \/><\/span>\n  <\/div>\n  <div class=\"vlt-form-group\">\n    <label for=\"email\">Email*<\/label>\n      <span class=\"wpcf7-form-control-wrap\" data-name=\"your-email\"><input size=\"40\" maxlength=\"400\" class=\"wpcf7-form-control wpcf7-email wpcf7-validates-as-required wpcf7-text wpcf7-validates-as-email\" id=\"email\" aria-required=\"true\" aria-invalid=\"false\" value=\"\" type=\"email\" name=\"your-email\" \/><\/span>\n  <\/div>\n<\/div>\n<div class=\"vlt-form-group\">\n    <label for=\"message\">Mensaje*<\/label>\n      <span class=\"wpcf7-form-control-wrap\" data-name=\"your-message\"><textarea cols=\"40\" rows=\"6\" maxlength=\"2000\" class=\"wpcf7-form-control wpcf7-textarea wpcf7-validates-as-required\" id=\"message\" aria-required=\"true\" aria-invalid=\"false\" name=\"your-message\"><\/textarea><\/span>\n\n<\/div>\n<span class=\"wpcf7-form-control-wrap kc_captcha cf7ic-toggle\" data-name=\"kc_captcha\"><span class=\"wpcf7-form-control wpcf7-radio\"><fieldset><legend hidden>Captcha:<\/legend><span class=\"captcha-image\" style=\"display: none;\"><span class=\"cf7ic_instructions\">Please prove you are human by selecting the<span> cup<\/span>.<\/span><label><span hidden>imagen<\/span><input aria-label=\"1\" type=\"radio\" name=\"kc_captcha\" value=\"kc_human\" \/><svg aria-hidden=\"true\" role=\"img\" xmlns=\"http:\/\/www.w3.org\/2000\/svg\" viewBox=\"0 0 640 512\"><path fill=\"currentColor\" d=\"M192 384h192c53 0 96-43 96-96h32a128 128 0 000-256H120c-13 0-24 11-24 24v232c0 53 43 96 96 96zM512 96a64 64 0 010 128h-32V96h32zm48 384H48c-47 0-61-64-36-64h584c25 0 11 64-36 64z\"\/><\/svg><\/label><label><span hidden>imagen<\/span><input aria-label=\"2\" type=\"radio\" name=\"kc_captcha\" value=\"bot\" \/><svg aria-hidden=\"true\" role=\"img\" xmlns=\"http:\/\/www.w3.org\/2000\/svg\" viewBox=\"0 0 384 512\"><path fill=\"currentColor\" d=\"M377 375l-83-87h34c21 0 32-25 17-40l-82-88h33c21 0 32-25 18-40L210 8c-10-11-26-11-36 0L70 120c-14 15-3 40 18 40h33l-82 88c-15 15-4 40 17 40h34L7 375c-15 16-4 41 17 41h120c0 33-11 49-34 68-12 9-5 28 10 28h144c15 0 22-19 10-28-20-16-34-32-34-68h120c21 0 32-25 17-41z\"\/><\/svg><\/label><label><span hidden>imagen<\/span><input aria-label=\"3\" type=\"radio\" name=\"kc_captcha\" value=\"bot\" \/><svg aria-hidden=\"true\" role=\"img\" xmlns=\"http:\/\/www.w3.org\/2000\/svg\" viewBox=\"0 0 576 512\"><path fill=\"currentColor\" d=\"M472 200H360L256 6a12 12 0 00-10-6h-58c-8 0-14 7-12 15l34 185H100l-35-58a12 12 0 00-10-6H12c-8 0-13 7-12 14l21 106L0 362c-1 7 4 14 12 14h43c4 0 8-2 10-6l35-58h110l-34 185c-2 8 4 15 12 15h58a12 12 0 0010-6l104-194h112c57 0 104-25 104-56s-47-56-104-56z\"\/><\/svg><\/label>\n    <\/span>\n    <span style=\"display:none\">\n        <label for=\"tarro\">tarro<\/label>\n        <input id=\"tarro\" type=\"text\" name=\"kc_honeypot\">\n    <\/span><\/span><\/span><\/fieldset>\n<button type=\"submit\" class=\"vlt-btn vlt-btn--primary\">Enviar<\/button><div class=\"wpcf7-response-output\" aria-hidden=\"true\"><\/div>\n<\/form>\n<\/div>\n\n\t\t<\/div>\n\n\t\t\t\t\t\t<\/div>\n\t\t\t\t<\/div>\n\t\t\t\t\t<\/div>\n\t\t<\/div>\n\t\t\t\t<div class=\"elementor-column elementor-col-25 elementor-top-column elementor-element elementor-element-ab7ee53\" data-id=\"ab7ee53\" data-element_type=\"column\">\n\t\t\t<div class=\"elementor-widget-wrap\">\n\t\t\t\t\t\t\t<\/div>\n\t\t<\/div>\n\t\t\t\t<div class=\"elementor-column elementor-col-25 elementor-top-column elementor-element elementor-element-b2f116e\" data-id=\"b2f116e\" data-element_type=\"column\">\n\t\t\t<div class=\"elementor-widget-wrap elementor-element-populated\">\n\t\t\t\t\t\t<div data-aos=\"custom\" data-aos-delay=\"200\" data-aos-once=\"true\" class=\"elementor-element elementor-element-512fb7a elementor-widget elementor-widget-vlt-contact-box\" data-id=\"512fb7a\" data-element_type=\"widget\" data-settings=\"{&quot;aos_animation_name&quot;:&quot;custom&quot;}\" data-widget_type=\"vlt-contact-box.default\">\n\t\t\t\t<div class=\"elementor-widget-container\">\n\t\t\t\t\t\r\n\t\t<div class=\"vlt-contact-box\">\r\n\r\n\t\t\t<div class=\"vlt-contact-box__icon\">\r\n\r\n\t\t\t\t<i class=\"icofont icofont-email\"><\/i>\r\n\t\t\t<\/div>\r\n\r\n\t\t\t<div class=\"vlt-contact-box__content\">\r\n\r\n\t\t\t\t\r\n\t\t\t\t\t<h3 class=\"vlt-contact-box__title \">\r\n\r\n\t\t\t\t\t\tE-mail:\r\n\t\t\t\t\t<\/h3>\r\n\r\n\t\t\t\t\r\n\t\t\t\t\r\n\t\t\t\t\t<p class=\"vlt-contact-box__text\">\r\n\r\n\t\t\t\t\t\t\r\n\t\t\t\t\t\t\t<a href=\"mailto:vannini.claudia@gmail.com\">\r\n\r\n\t\t\t\t\t\t\r\n\t\t\t\t\t\tvannini.claudia@gmail.com\r\n\t\t\t\t\t\t\r\n\t\t\t\t\t\t\t<\/a>\r\n\r\n\t\t\t\t\t\t\r\n\t\t\t\t\t<\/p>\r\n\r\n\t\t\t\t\r\n\t\t\t<\/div>\r\n\r\n\t\t<\/div>\r\n\r\n\t\t\t\t\t\t<\/div>\n\t\t\t\t<\/div>\n\t\t\t\t<div class=\"elementor-element elementor-element-1363de6 elementor-widget elementor-widget-spacer\" data-id=\"1363de6\" data-element_type=\"widget\" data-settings=\"{&quot;aos_animation_name&quot;:&quot;none&quot;}\" data-widget_type=\"spacer.default\">\n\t\t\t\t<div class=\"elementor-widget-container\">\n\t\t\t\t\t\t\t<div class=\"elementor-spacer\">\n\t\t\t<div class=\"elementor-spacer-inner\"><\/div>\n\t\t<\/div>\n\t\t\t\t\t\t<\/div>\n\t\t\t\t<\/div>\n\t\t\t\t\t<\/div>\n\t\t<\/div>\n\t\t\t\t\t<\/div>\n\t\t<\/section>\n\t\t<div class=\"elementor-element elementor-element-d4e1f88 e-flex e-con-boxed e-con e-parent\" data-id=\"d4e1f88\" data-element_type=\"container\">\n\t\t\t\t\t<div class=\"e-con-inner\">\n\t\t\t\t<div class=\"elementor-element elementor-element-4e1998f elementor-widget elementor-widget-spacer\" data-id=\"4e1998f\" data-element_type=\"widget\" data-settings=\"{&quot;aos_animation_name&quot;:&quot;none&quot;}\" data-widget_type=\"spacer.default\">\n\t\t\t\t<div class=\"elementor-widget-container\">\n\t\t\t\t\t\t\t<div class=\"elementor-spacer\">\n\t\t\t<div class=\"elementor-spacer-inner\"><\/div>\n\t\t<\/div>\n\t\t\t\t\t\t<\/div>\n\t\t\t\t<\/div>\n\t\t\t\t<div class=\"elementor-element elementor-element-00d06d4 elementor-widget elementor-widget-image\" data-id=\"00d06d4\" data-element_type=\"widget\" data-settings=\"{&quot;aos_animation_name&quot;:&quot;none&quot;}\" data-widget_type=\"image.default\">\n\t\t\t\t<div class=\"elementor-widget-container\">\n\t\t\t\t\t\t\t\t\t\t\t\t\t\t\t<img fetchpriority=\"high\" decoding=\"async\" width=\"1024\" height=\"95\" src=\"https:\/\/claudiavanniniweb.com\/wp-content\/uploads\/2025\/07\/CONBANDERA_KITDIGITAL_1920-1024x95.jpg\" class=\"attachment-large size-large wp-image-4969\" alt=\"Kit Digital Logos\" srcset=\"https:\/\/claudiavanniniweb.com\/wp-content\/uploads\/2025\/07\/CONBANDERA_KITDIGITAL_1920-1024x95.jpg 1024w, https:\/\/claudiavanniniweb.com\/wp-content\/uploads\/2025\/07\/CONBANDERA_KITDIGITAL_1920-300x28.jpg 300w, https:\/\/claudiavanniniweb.com\/wp-content\/uploads\/2025\/07\/CONBANDERA_KITDIGITAL_1920-768x72.jpg 768w, https:\/\/claudiavanniniweb.com\/wp-content\/uploads\/2025\/07\/CONBANDERA_KITDIGITAL_1920-1536x143.jpg 1536w, https:\/\/claudiavanniniweb.com\/wp-content\/uploads\/2025\/07\/CONBANDERA_KITDIGITAL_1920-500x47.jpg 500w, https:\/\/claudiavanniniweb.com\/wp-content\/uploads\/2025\/07\/CONBANDERA_KITDIGITAL_1920-800x75.jpg 800w, https:\/\/claudiavanniniweb.com\/wp-content\/uploads\/2025\/07\/CONBANDERA_KITDIGITAL_1920-1280x119.jpg 1280w, https:\/\/claudiavanniniweb.com\/wp-content\/uploads\/2025\/07\/CONBANDERA_KITDIGITAL_1920.jpg 1911w\" sizes=\"(max-width: 1024px) 100vw, 1024px\" \/>\t\t\t\t\t\t\t\t\t\t\t\t\t\t\t<\/div>\n\t\t\t\t<\/div>\n\t\t\t\t<div class=\"elementor-element elementor-element-ade7543 elementor-widget elementor-widget-spacer\" data-id=\"ade7543\" data-element_type=\"widget\" data-settings=\"{&quot;aos_animation_name&quot;:&quot;none&quot;}\" data-widget_type=\"spacer.default\">\n\t\t\t\t<div class=\"elementor-widget-container\">\n\t\t\t\t\t\t\t<div class=\"elementor-spacer\">\n\t\t\t<div class=\"elementor-spacer-inner\"><\/div>\n\t\t<\/div>\n\t\t\t\t\t\t<\/div>\n\t\t\t\t<\/div>\n\t\t\t\t\t<\/div>\n\t\t\t\t<\/div>\n\t\t\t\t<\/div>\n\t\t","protected":false},"excerpt":{"rendered":"<p>\u00bfHablamos? Importar desde China empieza con una buena conversaci\u00f3n Comun\u00edcate conmigo Cu\u00e9ntame qu\u00e9 necesitas y te responder\u00e9 para valorar c\u00f3mo puedo acompa\u00f1arte en tu proceso de importaci\u00f3n. Nombre* Email* Mensaje* Captcha: Please prove you are human by selecting the truck.imagenimagenimagen tarro Enviar E-mail: vannini.claudia@gmail.com<\/p>\n","protected":false},"author":1,"featured_media":0,"parent":0,"menu_order":30,"comment_status":"closed","ping_status":"closed","template":"template-custom-page.php","meta":{"_acf_changed":false,"_vp_format_video_url":"","_vp_image_focal_point":[],"footnotes":""},"class_list":["post-5527","page","type-page","status-publish","hentry"],"acf":[],"yoast_head":"<!-- This site is optimized with the Yoast SEO plugin v25.6 - https:\/\/yoast.com\/wordpress\/plugins\/seo\/ -->\n<title>Contacto - Claudia Vannini<\/title>\n<meta name=\"robots\" content=\"noindex, follow, max-snippet:-1, max-image-preview:large, max-video-preview:-1\" \/>\n<meta property=\"og:locale\" content=\"es_ES\" \/>\n<meta property=\"og:type\" content=\"article\" \/>\n<meta property=\"og:title\" content=\"Contacto - Claudia Vannini\" \/>\n<meta property=\"og:description\" content=\"\u00bfHablamos? Importar desde China empieza con una buena conversaci\u00f3n Comun\u00edcate conmigo Cu\u00e9ntame qu\u00e9 necesitas y te responder\u00e9 para valorar c\u00f3mo puedo acompa\u00f1arte en tu proceso de importaci\u00f3n. Nombre* Email* Mensaje* Captcha: Please prove you are human by selecting the truck.imagenimagenimagen tarro Enviar E-mail: vannini.claudia@gmail.com\" \/>\n<meta property=\"og:url\" content=\"https:\/\/claudiavanniniweb.com\/es\/contacto\/\" \/>\n<meta property=\"og:site_name\" content=\"Claudia Vannini\" \/>\n<meta property=\"article:modified_time\" content=\"2025-09-16T07:26:13+00:00\" \/>\n<meta property=\"og:image\" content=\"https:\/\/claudiavanniniweb.com\/wp-content\/uploads\/2025\/07\/CONBANDERA_KITDIGITAL_1920.jpg\" \/>\n\t<meta property=\"og:image:width\" content=\"1911\" \/>\n\t<meta property=\"og:image:height\" content=\"178\" \/>\n\t<meta property=\"og:image:type\" content=\"image\/jpeg\" \/>\n<meta name=\"twitter:card\" content=\"summary_large_image\" \/>\n<meta name=\"twitter:label1\" content=\"Tiempo de lectura\" \/>\n\t<meta name=\"twitter:data1\" content=\"1 minuto\" \/>\n<script type=\"application\/ld+json\" class=\"yoast-schema-graph\">{\"@context\":\"https:\/\/schema.org\",\"@graph\":[{\"@type\":\"WebPage\",\"@id\":\"https:\/\/claudiavanniniweb.com\/es\/contacto\/\",\"url\":\"https:\/\/claudiavanniniweb.com\/es\/contacto\/\",\"name\":\"Contacto - Claudia Vannini\",\"isPartOf\":{\"@id\":\"https:\/\/claudiavanniniweb.com\/es\/#website\"},\"primaryImageOfPage\":{\"@id\":\"https:\/\/claudiavanniniweb.com\/es\/contacto\/#primaryimage\"},\"image\":{\"@id\":\"https:\/\/claudiavanniniweb.com\/es\/contacto\/#primaryimage\"},\"thumbnailUrl\":\"https:\/\/claudiavanniniweb.com\/wp-content\/uploads\/2025\/07\/CONBANDERA_KITDIGITAL_1920-1024x95.jpg\",\"datePublished\":\"2025-07-15T06:35:05+00:00\",\"dateModified\":\"2025-09-16T07:26:13+00:00\",\"breadcrumb\":{\"@id\":\"https:\/\/claudiavanniniweb.com\/es\/contacto\/#breadcrumb\"},\"inLanguage\":\"es\",\"potentialAction\":[{\"@type\":\"ReadAction\",\"target\":[\"https:\/\/claudiavanniniweb.com\/es\/contacto\/\"]}]},{\"@type\":\"ImageObject\",\"inLanguage\":\"es\",\"@id\":\"https:\/\/claudiavanniniweb.com\/es\/contacto\/#primaryimage\",\"url\":\"https:\/\/claudiavanniniweb.com\/wp-content\/uploads\/2025\/07\/CONBANDERA_KITDIGITAL_1920-1024x95.jpg\",\"contentUrl\":\"https:\/\/claudiavanniniweb.com\/wp-content\/uploads\/2025\/07\/CONBANDERA_KITDIGITAL_1920-1024x95.jpg\"},{\"@type\":\"BreadcrumbList\",\"@id\":\"https:\/\/claudiavanniniweb.com\/es\/contacto\/#breadcrumb\",\"itemListElement\":[{\"@type\":\"ListItem\",\"position\":1,\"name\":\"Portada\",\"item\":\"https:\/\/claudiavanniniweb.com\/es\/\"},{\"@type\":\"ListItem\",\"position\":2,\"name\":\"Contacto\"}]},{\"@type\":\"WebSite\",\"@id\":\"https:\/\/claudiavanniniweb.com\/es\/#website\",\"url\":\"https:\/\/claudiavanniniweb.com\/es\/\",\"name\":\"Claudia Vannini\",\"description\":\"\",\"potentialAction\":[{\"@type\":\"SearchAction\",\"target\":{\"@type\":\"EntryPoint\",\"urlTemplate\":\"https:\/\/claudiavanniniweb.com\/es\/?s={search_term_string}\"},\"query-input\":{\"@type\":\"PropertyValueSpecification\",\"valueRequired\":true,\"valueName\":\"search_term_string\"}}],\"inLanguage\":\"es\"}]}<\/script>\n<!-- \/ Yoast SEO plugin. -->","yoast_head_json":{"title":"Contacto - Claudia Vannini","robots":{"index":"noindex","follow":"follow","max-snippet":"max-snippet:-1","max-image-preview":"max-image-preview:large","max-video-preview":"max-video-preview:-1"},"og_locale":"es_ES","og_type":"article","og_title":"Contacto - Claudia Vannini","og_description":"\u00bfHablamos? Importar desde China empieza con una buena conversaci\u00f3n Comun\u00edcate conmigo Cu\u00e9ntame qu\u00e9 necesitas y te responder\u00e9 para valorar c\u00f3mo puedo acompa\u00f1arte en tu proceso de importaci\u00f3n. Nombre* Email* Mensaje* Captcha: Please prove you are human by selecting the truck.imagenimagenimagen tarro Enviar E-mail: vannini.claudia@gmail.com","og_url":"https:\/\/claudiavanniniweb.com\/es\/contacto\/","og_site_name":"Claudia Vannini","article_modified_time":"2025-09-16T07:26:13+00:00","og_image":[{"width":1911,"height":178,"url":"https:\/\/claudiavanniniweb.com\/wp-content\/uploads\/2025\/07\/CONBANDERA_KITDIGITAL_1920.jpg","type":"image\/jpeg"}],"twitter_card":"summary_large_image","twitter_misc":{"Tiempo de lectura":"1 minuto"},"schema":{"@context":"https:\/\/schema.org","@graph":[{"@type":"WebPage","@id":"https:\/\/claudiavanniniweb.com\/es\/contacto\/","url":"https:\/\/claudiavanniniweb.com\/es\/contacto\/","name":"Contacto - Claudia Vannini","isPartOf":{"@id":"https:\/\/claudiavanniniweb.com\/es\/#website"},"primaryImageOfPage":{"@id":"https:\/\/claudiavanniniweb.com\/es\/contacto\/#primaryimage"},"image":{"@id":"https:\/\/claudiavanniniweb.com\/es\/contacto\/#primaryimage"},"thumbnailUrl":"https:\/\/claudiavanniniweb.com\/wp-content\/uploads\/2025\/07\/CONBANDERA_KITDIGITAL_1920-1024x95.jpg","datePublished":"2025-07-15T06:35:05+00:00","dateModified":"2025-09-16T07:26:13+00:00","breadcrumb":{"@id":"https:\/\/claudiavanniniweb.com\/es\/contacto\/#breadcrumb"},"inLanguage":"es","potentialAction":[{"@type":"ReadAction","target":["https:\/\/claudiavanniniweb.com\/es\/contacto\/"]}]},{"@type":"ImageObject","inLanguage":"es","@id":"https:\/\/claudiavanniniweb.com\/es\/contacto\/#primaryimage","url":"https:\/\/claudiavanniniweb.com\/wp-content\/uploads\/2025\/07\/CONBANDERA_KITDIGITAL_1920-1024x95.jpg","contentUrl":"https:\/\/claudiavanniniweb.com\/wp-content\/uploads\/2025\/07\/CONBANDERA_KITDIGITAL_1920-1024x95.jpg"},{"@type":"BreadcrumbList","@id":"https:\/\/claudiavanniniweb.com\/es\/contacto\/#breadcrumb","itemListElement":[{"@type":"ListItem","position":1,"name":"Portada","item":"https:\/\/claudiavanniniweb.com\/es\/"},{"@type":"ListItem","position":2,"name":"Contacto"}]},{"@type":"WebSite","@id":"https:\/\/claudiavanniniweb.com\/es\/#website","url":"https:\/\/claudiavanniniweb.com\/es\/","name":"Claudia Vannini","description":"","potentialAction":[{"@type":"SearchAction","target":{"@type":"EntryPoint","urlTemplate":"https:\/\/claudiavanniniweb.com\/es\/?s={search_term_string}"},"query-input":{"@type":"PropertyValueSpecification","valueRequired":true,"valueName":"search_term_string"}}],"inLanguage":"es"}]}},"_links":{"self":[{"href":"https:\/\/claudiavanniniweb.com\/es\/wp-json\/wp\/v2\/pages\/5527","targetHints":{"allow":["GET"]}}],"collection":[{"href":"https:\/\/claudiavanniniweb.com\/es\/wp-json\/wp\/v2\/pages"}],"about":[{"href":"https:\/\/claudiavanniniweb.com\/es\/wp-json\/wp\/v2\/types\/page"}],"author":[{"embeddable":true,"href":"https:\/\/claudiavanniniweb.com\/es\/wp-json\/wp\/v2\/users\/1"}],"replies":[{"embeddable":true,"href":"https:\/\/claudiavanniniweb.com\/es\/wp-json\/wp\/v2\/comments?post=5527"}],"version-history":[{"count":5,"href":"https:\/\/claudiavanniniweb.com\/es\/wp-json\/wp\/v2\/pages\/5527\/revisions"}],"predecessor-version":[{"id":5578,"href":"https:\/\/claudiavanniniweb.com\/es\/wp-json\/wp\/v2\/pages\/5527\/revisions\/5578"}],"wp:attachment":[{"href":"https:\/\/claudiavanniniweb.com\/es\/wp-json\/wp\/v2\/media?parent=5527"}],"curies":[{"name":"wp","href":"https:\/\/api.w.org\/{rel}","templated":true}]}}