{"id":5534,"date":"2025-07-15T09:13:50","date_gmt":"2025-07-15T07:13:50","guid":{"rendered":"https:\/\/claudiavanniniweb.com\/accessibility-statement\/"},"modified":"2025-09-16T09:20:45","modified_gmt":"2025-09-16T07:20:45","slug":"declaracion-de-accesibilidad","status":"publish","type":"page","link":"https:\/\/claudiavanniniweb.com\/es\/declaracion-de-accesibilidad\/","title":{"rendered":"Declaraci\u00f3n de accesibilidad"},"content":{"rendered":"\t\t<div data-elementor-type=\"wp-page\" data-elementor-id=\"5534\" class=\"elementor elementor-5534 elementor-4965\" data-elementor-post-type=\"page\">\n\t\t\t\t\t\t<section class=\"elementor-section elementor-top-section elementor-element elementor-element-f748b4a elementor-section-full_width elementor-section-height-default elementor-section-height-default\" data-id=\"f748b4a\" data-element_type=\"section\">\n\t\t\t\t\t\t<div class=\"elementor-container elementor-column-gap-no\">\n\t\t\t\t\t<div class=\"elementor-column elementor-col-100 elementor-top-column elementor-element elementor-element-40f919e\" data-id=\"40f919e\" data-element_type=\"column\">\n\t\t\t<div class=\"elementor-widget-wrap elementor-element-populated\">\n\t\t\t\t\t\t<div class=\"elementor-element elementor-element-f0ff328 elementor-widget elementor-widget-vlt-page-title\" data-id=\"f0ff328\" data-element_type=\"widget\" data-settings=\"{&quot;aos_animation_name&quot;:&quot;none&quot;}\" data-widget_type=\"vlt-page-title.default\">\n\t\t\t\t<div class=\"elementor-widget-container\">\n\t\t\t\t\t\r\n\t\t<div class=\"vlt-page-title\">\r\n\r\n\t\t\t<div class=\"container\">\r\n\r\n\t\t\t\t<h1 class=\"vlt-page-title__heading\">ACCESSIBILITY STATEMENT<\/h1><nav class=\"vlt-page-title__breadcrumbs\"><span><a href=\"https:\/\/claudiavanniniweb.com\/es\/\" ><span>Home<\/span><\/a><\/span> <span class=\"sep\"><i class=\"fa-regular fa-angles-right\"><\/i><\/span> <span class=\"current\">P\u00e1ginas<\/span><\/nav>\r\n\t\t\t<\/div>\r\n\r\n\t\t<\/div>\r\n\r\n\t\t<div id=\"f0ff328\"><\/div>\r\n\r\n\t\t\t\t\t\t<\/div>\n\t\t\t\t<\/div>\n\t\t\t\t\t<\/div>\n\t\t<\/div>\n\t\t\t\t\t<\/div>\n\t\t<\/section>\n\t\t<div class=\"elementor-element elementor-element-0b0d9ac e-flex e-con-boxed e-con e-parent\" data-id=\"0b0d9ac\" data-element_type=\"container\">\n\t\t\t\t\t<div class=\"e-con-inner\">\n\t\t\t\t<div class=\"elementor-element elementor-element-81c1fa5 elementor-widget elementor-widget-text-editor\" data-id=\"81c1fa5\" data-element_type=\"widget\" data-settings=\"{&quot;aos_animation_name&quot;:&quot;none&quot;}\" data-widget_type=\"text-editor.default\">\n\t\t\t\t<div class=\"elementor-widget-container\">\n\t\t\t\t\t\t\t\t\t<div class=\"elementor-element elementor-element-2bb664ec e-flex e-con-boxed e-con e-parent e-lazyloaded\" data-id=\"2bb664ec\" data-element_type=\"container\"><div class=\"e-con-inner\"><div class=\"elementor-element elementor-element-1b1343ff elementor-widget elementor-widget-text-editor\" data-id=\"1b1343ff\" data-element_type=\"widget\" data-widget_type=\"text-editor.default\"><div class=\"elementor-widget-container\"><p>Claudiavanniniweb.com se ha comprometido a hacer accesible su sitio web, de conformidad con el Real decreto 1112\/2018, de 7 de septiembre, sobre accesibilidad de los sitios web y aplicaciones para dispositivos m\u00f3viles del sector p\u00fablico (en adelante, Real decreto 1112\/2018, de 7 de septiembre).<\/p><p>Esta declaraci\u00f3n de accesibilidad se aplica a claudiavanniniweb.com<\/p><h2 class=\"wp-block-heading\">Situaci\u00f3n de cumplimiento<\/h2><p>Este sitio web es parcialmente conforme con el Real decreto 1112\/2018, de 7 de septiembre, a causa de las excepciones y la falta de conformidad de los aspectos que se indican a continuaci\u00f3n.<\/p><h2 class=\"wp-block-heading\">Contenido no accesible<\/h2><p>El contenido que se recoge a continuaci\u00f3n no es accesible por los siguientes motivos:<\/p><p>Carece de conformidad con el Real decreto 1112\/2018, de 7 de septiembre: Podr\u00edan existir varios errores de edici\u00f3n en alguna p\u00e1gina web, tanto en contenidos HTML como en documentos finales, publicados con fecha posterior al 20 de septiembre de 2018.<\/p><p>Carga desproporcionada: no aplica.<\/p><p>El contenido no entra dentro del \u00e1mbito de la legislaci\u00f3n aplicable: podr\u00edan existir archivos ofim\u00e1ticos en PDF u otros formatos publicados antes del 20 de septiembre de 2018 que no cumplan en su totalidad los requisitos de accesibilidad.<\/p><h1 class=\"wp-block-heading\">Observaciones y datos de contacto<\/h1><h2 class=\"wp-block-heading\">Comunicaciones<\/h2><p>Se pueden realizar comunicaciones sobre requisitos de accesibilidad (art\u00edculo 10.2.a del Real decreto 112\/2018, de 7 de septiembre) a trav\u00e9s del siguiente buz\u00f3n de contacto.<\/p><p>Por ejemplo:<\/p><ul class=\"wp-block-list\"><li>Informar sobre cualquier posible incumplimiento por parte de este sitio web.<\/li><li>Transmitir otras dificultades de acceso al contenido.<\/li><li>Formular cualquier otra consulta o sugerencia de mejora relativa a la accesibilidad del sitio web.<\/li><\/ul><p>Las comunicaciones ser\u00e1n recibidas y trasladadas por la Direcci\u00f3n General de Servicios Digitales y Experiencia Ciudadana, del Departamento de la Vicepresidencia y Pol\u00edticas Digitales y Territorio, como Unidad Responsable de Accesibilidad Web en el \u00e1mbito auton\u00f3mico.<\/p><h2 class=\"wp-block-heading\">Solicitudes de informaci\u00f3n accesible y quejas<\/h2><p>Para hacer solicitudes de informaci\u00f3n accesible y quejas (art\u00edculo 12 del Real decreto 1112\/2017, de 7 de septiembre) hay que acceder al \u201cContenidos accesibles en la web\u201d y seguir la modalidad \u201cSolicitar informaci\u00f3n accesible o hacer una queja\u201d.<\/p><p>Cualquier persona f\u00edsica o jur\u00eddica puede formular quejas relativas al cumplimiento de los requisitos del Real decreto 1112\/2018, de 7 de septiembre, y solicitar informaci\u00f3n relativa a contenidos que est\u00e9n excluidos del \u00e1mbito de aplicaci\u00f3n de esta normativa.<\/p><p>Las solicitudes y quejas que se registran conforme a los requisitos establecidos por la Ley 39\/2015 de 1 de octubre, del procedimiento administrativo com\u00fan de las administraciones p\u00fablicas.<\/p><h2 class=\"wp-block-heading\">Procedimiento de aplicaci\u00f3n<\/h2><p>El procedimiento de aplicaci\u00f3n recogido en el art\u00edculo 13 del Real decreto 1112\/2018, de 7 de septiembre, se puede iniciar en el tr\u00e1mite \u201cContenidos accesibles en la web\u201d a trav\u00e9s de la modalidad \u201cReclamar una solicitud\u201d.<\/p><p>Si una vez realizada una solicitud de informaci\u00f3n accesible o queja \u00e9sta ha sido desestimada, no est\u00e1s de acuerdo con la decisi\u00f3n adoptada o la respuesta no cumple con los requisitos del art\u00edculo 15.2 del Real decreto 1112\/2018, de 7 de septiembre, puedes iniciar una reclamaci\u00f3n por:<\/p><ul class=\"wp-block-list\"><li>Conocer y oponerte a los motivos de la desestimaci\u00f3n.<\/li><li>Instar a la adopci\u00f3n de las medidas oportunas en caso de no estar de acuerdo con la decisi\u00f3n adoptada.<\/li><li>Exponer las razones por las cuales consideras que la respuesta no cumple con los requisitos exigidos.<\/li><\/ul><\/div><\/div><\/div><\/div>\t\t\t\t\t\t\t\t<\/div>\n\t\t\t\t<\/div>\n\t\t\t\t\t<\/div>\n\t\t\t\t<\/div>\n\t\t<div class=\"elementor-element elementor-element-3a118db e-flex e-con-boxed e-con e-parent\" data-id=\"3a118db\" data-element_type=\"container\">\n\t\t\t\t\t<div class=\"e-con-inner\">\n\t\t\t\t<div class=\"elementor-element elementor-element-8aed55d elementor-widget elementor-widget-spacer\" data-id=\"8aed55d\" data-element_type=\"widget\" data-settings=\"{&quot;aos_animation_name&quot;:&quot;none&quot;}\" data-widget_type=\"spacer.default\">\n\t\t\t\t<div class=\"elementor-widget-container\">\n\t\t\t\t\t\t\t<div class=\"elementor-spacer\">\n\t\t\t<div class=\"elementor-spacer-inner\"><\/div>\n\t\t<\/div>\n\t\t\t\t\t\t<\/div>\n\t\t\t\t<\/div>\n\t\t\t\t<div class=\"elementor-element elementor-element-8831999 elementor-widget elementor-widget-image\" data-id=\"8831999\" data-element_type=\"widget\" data-settings=\"{&quot;aos_animation_name&quot;:&quot;none&quot;}\" data-widget_type=\"image.default\">\n\t\t\t\t<div class=\"elementor-widget-container\">\n\t\t\t\t\t\t\t\t\t\t\t\t\t\t\t<img fetchpriority=\"high\" decoding=\"async\" width=\"1024\" height=\"95\" src=\"https:\/\/claudiavanniniweb.com\/wp-content\/uploads\/2025\/07\/CONBANDERA_KITDIGITAL_1920-1024x95.jpg\" class=\"attachment-large size-large wp-image-4969\" alt=\"Kit Digital Logos\" srcset=\"https:\/\/claudiavanniniweb.com\/wp-content\/uploads\/2025\/07\/CONBANDERA_KITDIGITAL_1920-1024x95.jpg 1024w, https:\/\/claudiavanniniweb.com\/wp-content\/uploads\/2025\/07\/CONBANDERA_KITDIGITAL_1920-300x28.jpg 300w, https:\/\/claudiavanniniweb.com\/wp-content\/uploads\/2025\/07\/CONBANDERA_KITDIGITAL_1920-768x72.jpg 768w, https:\/\/claudiavanniniweb.com\/wp-content\/uploads\/2025\/07\/CONBANDERA_KITDIGITAL_1920-1536x143.jpg 1536w, https:\/\/claudiavanniniweb.com\/wp-content\/uploads\/2025\/07\/CONBANDERA_KITDIGITAL_1920-500x47.jpg 500w, https:\/\/claudiavanniniweb.com\/wp-content\/uploads\/2025\/07\/CONBANDERA_KITDIGITAL_1920-800x75.jpg 800w, https:\/\/claudiavanniniweb.com\/wp-content\/uploads\/2025\/07\/CONBANDERA_KITDIGITAL_1920-1280x119.jpg 1280w, https:\/\/claudiavanniniweb.com\/wp-content\/uploads\/2025\/07\/CONBANDERA_KITDIGITAL_1920.jpg 1911w\" sizes=\"(max-width: 1024px) 100vw, 1024px\" \/>\t\t\t\t\t\t\t\t\t\t\t\t\t\t\t<\/div>\n\t\t\t\t<\/div>\n\t\t\t\t<div class=\"elementor-element elementor-element-6ae65b9 elementor-widget elementor-widget-spacer\" data-id=\"6ae65b9\" data-element_type=\"widget\" data-settings=\"{&quot;aos_animation_name&quot;:&quot;none&quot;}\" data-widget_type=\"spacer.default\">\n\t\t\t\t<div class=\"elementor-widget-container\">\n\t\t\t\t\t\t\t<div class=\"elementor-spacer\">\n\t\t\t<div class=\"elementor-spacer-inner\"><\/div>\n\t\t<\/div>\n\t\t\t\t\t\t<\/div>\n\t\t\t\t<\/div>\n\t\t\t\t\t<\/div>\n\t\t\t\t<\/div>\n\t\t\t\t<\/div>\n\t\t","protected":false},"excerpt":{"rendered":"<p>ACCESSIBILITY STATEMENT Home Pages Claudiavanniniweb.com se ha comprometido a hacer accesible su sitio web, de conformidad con el Real decreto 1112\/2018, de 7 de septiembre, sobre accesibilidad de los sitios web y aplicaciones para dispositivos m\u00f3viles del sector p\u00fablico (en adelante, Real decreto 1112\/2018, de 7 de septiembre). Esta declaraci\u00f3n de accesibilidad se aplica a [&hellip;]<\/p>\n","protected":false},"author":1,"featured_media":0,"parent":0,"menu_order":30,"comment_status":"closed","ping_status":"closed","template":"template-custom-page.php","meta":{"_acf_changed":false,"_vp_format_video_url":"","_vp_image_focal_point":[],"footnotes":""},"class_list":["post-5534","page","type-page","status-publish","hentry"],"acf":[],"yoast_head":"<!-- This site is optimized with the Yoast SEO plugin v25.6 - https:\/\/yoast.com\/wordpress\/plugins\/seo\/ -->\n<title>Declaraci\u00f3n de accesibilidad - Claudia Vannini<\/title>\n<meta name=\"robots\" content=\"noindex, nofollow\" \/>\n<meta property=\"og:locale\" content=\"es_ES\" \/>\n<meta property=\"og:type\" content=\"article\" \/>\n<meta property=\"og:title\" content=\"Declaraci\u00f3n de accesibilidad - Claudia Vannini\" \/>\n<meta property=\"og:description\" content=\"ACCESSIBILITY STATEMENT Home Pages Claudiavanniniweb.com se ha comprometido a hacer accesible su sitio web, de conformidad con el Real decreto 1112\/2018, de 7 de septiembre, sobre accesibilidad de los sitios web y aplicaciones para dispositivos m\u00f3viles del sector p\u00fablico (en adelante, Real decreto 1112\/2018, de 7 de septiembre). Esta declaraci\u00f3n de accesibilidad se aplica a [&hellip;]\" \/>\n<meta property=\"og:url\" content=\"https:\/\/claudiavanniniweb.com\/es\/declaracion-de-accesibilidad\/\" \/>\n<meta property=\"og:site_name\" content=\"Claudia Vannini\" \/>\n<meta property=\"article:modified_time\" content=\"2025-09-16T07:20:45+00:00\" \/>\n<meta property=\"og:image\" content=\"https:\/\/claudiavanniniweb.com\/wp-content\/uploads\/2025\/07\/CONBANDERA_KITDIGITAL_1920.jpg\" \/>\n\t<meta property=\"og:image:width\" content=\"1911\" \/>\n\t<meta property=\"og:image:height\" content=\"178\" \/>\n\t<meta property=\"og:image:type\" content=\"image\/jpeg\" \/>\n<meta name=\"twitter:card\" content=\"summary_large_image\" \/>\n<meta name=\"twitter:label1\" content=\"Tiempo de lectura\" \/>\n\t<meta name=\"twitter:data1\" content=\"3 minutos\" \/>\n<script type=\"application\/ld+json\" class=\"yoast-schema-graph\">{\"@context\":\"https:\/\/schema.org\",\"@graph\":[{\"@type\":\"WebPage\",\"@id\":\"https:\/\/claudiavanniniweb.com\/es\/declaracion-de-accesibilidad\/\",\"url\":\"https:\/\/claudiavanniniweb.com\/es\/declaracion-de-accesibilidad\/\",\"name\":\"Declaraci\u00f3n de accesibilidad - Claudia Vannini\",\"isPartOf\":{\"@id\":\"https:\/\/claudiavanniniweb.com\/es\/#website\"},\"primaryImageOfPage\":{\"@id\":\"https:\/\/claudiavanniniweb.com\/es\/declaracion-de-accesibilidad\/#primaryimage\"},\"image\":{\"@id\":\"https:\/\/claudiavanniniweb.com\/es\/declaracion-de-accesibilidad\/#primaryimage\"},\"thumbnailUrl\":\"https:\/\/claudiavanniniweb.com\/wp-content\/uploads\/2025\/07\/CONBANDERA_KITDIGITAL_1920-1024x95.jpg\",\"datePublished\":\"2025-07-15T07:13:50+00:00\",\"dateModified\":\"2025-09-16T07:20:45+00:00\",\"breadcrumb\":{\"@id\":\"https:\/\/claudiavanniniweb.com\/es\/declaracion-de-accesibilidad\/#breadcrumb\"},\"inLanguage\":\"es\",\"potentialAction\":[{\"@type\":\"ReadAction\",\"target\":[\"https:\/\/claudiavanniniweb.com\/es\/declaracion-de-accesibilidad\/\"]}]},{\"@type\":\"ImageObject\",\"inLanguage\":\"es\",\"@id\":\"https:\/\/claudiavanniniweb.com\/es\/declaracion-de-accesibilidad\/#primaryimage\",\"url\":\"https:\/\/claudiavanniniweb.com\/wp-content\/uploads\/2025\/07\/CONBANDERA_KITDIGITAL_1920-1024x95.jpg\",\"contentUrl\":\"https:\/\/claudiavanniniweb.com\/wp-content\/uploads\/2025\/07\/CONBANDERA_KITDIGITAL_1920-1024x95.jpg\"},{\"@type\":\"BreadcrumbList\",\"@id\":\"https:\/\/claudiavanniniweb.com\/es\/declaracion-de-accesibilidad\/#breadcrumb\",\"itemListElement\":[{\"@type\":\"ListItem\",\"position\":1,\"name\":\"Portada\",\"item\":\"https:\/\/claudiavanniniweb.com\/es\/\"},{\"@type\":\"ListItem\",\"position\":2,\"name\":\"Declaraci\u00f3n de accesibilidad\"}]},{\"@type\":\"WebSite\",\"@id\":\"https:\/\/claudiavanniniweb.com\/es\/#website\",\"url\":\"https:\/\/claudiavanniniweb.com\/es\/\",\"name\":\"Claudia Vannini\",\"description\":\"\",\"potentialAction\":[{\"@type\":\"SearchAction\",\"target\":{\"@type\":\"EntryPoint\",\"urlTemplate\":\"https:\/\/claudiavanniniweb.com\/es\/?s={search_term_string}\"},\"query-input\":{\"@type\":\"PropertyValueSpecification\",\"valueRequired\":true,\"valueName\":\"search_term_string\"}}],\"inLanguage\":\"es\"}]}<\/script>\n<!-- \/ Yoast SEO plugin. -->","yoast_head_json":{"title":"Declaraci\u00f3n de accesibilidad - Claudia Vannini","robots":{"index":"noindex","follow":"nofollow"},"og_locale":"es_ES","og_type":"article","og_title":"Declaraci\u00f3n de accesibilidad - Claudia Vannini","og_description":"ACCESSIBILITY STATEMENT Home Pages Claudiavanniniweb.com se ha comprometido a hacer accesible su sitio web, de conformidad con el Real decreto 1112\/2018, de 7 de septiembre, sobre accesibilidad de los sitios web y aplicaciones para dispositivos m\u00f3viles del sector p\u00fablico (en adelante, Real decreto 1112\/2018, de 7 de septiembre). Esta declaraci\u00f3n de accesibilidad se aplica a [&hellip;]","og_url":"https:\/\/claudiavanniniweb.com\/es\/declaracion-de-accesibilidad\/","og_site_name":"Claudia Vannini","article_modified_time":"2025-09-16T07:20:45+00:00","og_image":[{"width":1911,"height":178,"url":"https:\/\/claudiavanniniweb.com\/wp-content\/uploads\/2025\/07\/CONBANDERA_KITDIGITAL_1920.jpg","type":"image\/jpeg"}],"twitter_card":"summary_large_image","twitter_misc":{"Tiempo de lectura":"3 minutos"},"schema":{"@context":"https:\/\/schema.org","@graph":[{"@type":"WebPage","@id":"https:\/\/claudiavanniniweb.com\/es\/declaracion-de-accesibilidad\/","url":"https:\/\/claudiavanniniweb.com\/es\/declaracion-de-accesibilidad\/","name":"Declaraci\u00f3n de accesibilidad - Claudia Vannini","isPartOf":{"@id":"https:\/\/claudiavanniniweb.com\/es\/#website"},"primaryImageOfPage":{"@id":"https:\/\/claudiavanniniweb.com\/es\/declaracion-de-accesibilidad\/#primaryimage"},"image":{"@id":"https:\/\/claudiavanniniweb.com\/es\/declaracion-de-accesibilidad\/#primaryimage"},"thumbnailUrl":"https:\/\/claudiavanniniweb.com\/wp-content\/uploads\/2025\/07\/CONBANDERA_KITDIGITAL_1920-1024x95.jpg","datePublished":"2025-07-15T07:13:50+00:00","dateModified":"2025-09-16T07:20:45+00:00","breadcrumb":{"@id":"https:\/\/claudiavanniniweb.com\/es\/declaracion-de-accesibilidad\/#breadcrumb"},"inLanguage":"es","potentialAction":[{"@type":"ReadAction","target":["https:\/\/claudiavanniniweb.com\/es\/declaracion-de-accesibilidad\/"]}]},{"@type":"ImageObject","inLanguage":"es","@id":"https:\/\/claudiavanniniweb.com\/es\/declaracion-de-accesibilidad\/#primaryimage","url":"https:\/\/claudiavanniniweb.com\/wp-content\/uploads\/2025\/07\/CONBANDERA_KITDIGITAL_1920-1024x95.jpg","contentUrl":"https:\/\/claudiavanniniweb.com\/wp-content\/uploads\/2025\/07\/CONBANDERA_KITDIGITAL_1920-1024x95.jpg"},{"@type":"BreadcrumbList","@id":"https:\/\/claudiavanniniweb.com\/es\/declaracion-de-accesibilidad\/#breadcrumb","itemListElement":[{"@type":"ListItem","position":1,"name":"Portada","item":"https:\/\/claudiavanniniweb.com\/es\/"},{"@type":"ListItem","position":2,"name":"Declaraci\u00f3n de accesibilidad"}]},{"@type":"WebSite","@id":"https:\/\/claudiavanniniweb.com\/es\/#website","url":"https:\/\/claudiavanniniweb.com\/es\/","name":"Claudia Vannini","description":"","potentialAction":[{"@type":"SearchAction","target":{"@type":"EntryPoint","urlTemplate":"https:\/\/claudiavanniniweb.com\/es\/?s={search_term_string}"},"query-input":{"@type":"PropertyValueSpecification","valueRequired":true,"valueName":"search_term_string"}}],"inLanguage":"es"}]}},"_links":{"self":[{"href":"https:\/\/claudiavanniniweb.com\/es\/wp-json\/wp\/v2\/pages\/5534","targetHints":{"allow":["GET"]}}],"collection":[{"href":"https:\/\/claudiavanniniweb.com\/es\/wp-json\/wp\/v2\/pages"}],"about":[{"href":"https:\/\/claudiavanniniweb.com\/es\/wp-json\/wp\/v2\/types\/page"}],"author":[{"embeddable":true,"href":"https:\/\/claudiavanniniweb.com\/es\/wp-json\/wp\/v2\/users\/1"}],"replies":[{"embeddable":true,"href":"https:\/\/claudiavanniniweb.com\/es\/wp-json\/wp\/v2\/comments?post=5534"}],"version-history":[{"count":6,"href":"https:\/\/claudiavanniniweb.com\/es\/wp-json\/wp\/v2\/pages\/5534\/revisions"}],"predecessor-version":[{"id":5576,"href":"https:\/\/claudiavanniniweb.com\/es\/wp-json\/wp\/v2\/pages\/5534\/revisions\/5576"}],"wp:attachment":[{"href":"https:\/\/claudiavanniniweb.com\/es\/wp-json\/wp\/v2\/media?parent=5534"}],"curies":[{"name":"wp","href":"https:\/\/api.w.org\/{rel}","templated":true}]}}