{"id":5544,"date":"2025-07-15T09:28:25","date_gmt":"2025-07-15T07:28:25","guid":{"rendered":"https:\/\/claudiavanniniweb.com\/cookies-policy\/"},"modified":"2025-09-16T09:19:20","modified_gmt":"2025-09-16T07:19:20","slug":"politica-de-cookies","status":"publish","type":"page","link":"https:\/\/claudiavanniniweb.com\/es\/politica-de-cookies\/","title":{"rendered":"Pol\u00edtica de cookies"},"content":{"rendered":"\n<p>NOMBRE DE LA COOKIE: wordpress_test_cookie<br>FINALIDAD: Funcional.<br>INFORMACI\u00d3N RECOGIDA: Cookie HTML. Comprueba si se pueden instalar cookies.<br>TEMPORALIDAD: Duraci\u00f3n de la sesi\u00f3n. Cookie de WordPress.<br>TITULARIDAD: Propia.<\/p>\n\n\n\n<p>NOMBRE DE LA COOKIE: moove_gdpr_popup<br>FINALIDAD: Funcional.<br>INFORMACI\u00d3N RECOGIDA: Preferencias de consentimiento de cookies. Cookie de GDPR Cookie Compliance.<br>TEMPORALIDAD: 1 a\u00f1o.<br>TITULARIDAD: Propia.<\/p>\n\n\n\n<p>NOMBRE DE LA COOKIE: _ga<br>FINALIDAD: Anal\u00edtica.<br>INFORMACI\u00d3N RECOGIDA: Estad\u00edsticas an\u00f3nimas. Se usa para distinguir a los usuarios.<br>TEMPORALIDAD: 2 a\u00f1os.<br>TITULARIDAD: Google Analytics.<\/p>\n\n\n\n<p>NOMBRE DE LA COOKIE: <em>ga<\/em>*<br>FINALIDAD: Anal\u00edtica.<br>INFORMACI\u00d3N RECOGIDA: Almacenar estad\u00edsticas an\u00f3nimas. Se usa para distinguir a los usuarios.<br>TEMPORALIDAD: 2 a\u00f1os.<br>TITULARIDAD: Google Analytics.<\/p>\n\n\n\n<p>NOMBRE DE LA COOKIE: _gid<br>FINALIDAD: Anal\u00edtica.<br>INFORMACI\u00d3N RECOGIDA: Estad\u00edsticas an\u00f3nimas. Contar y realizar un seguimiento de las p\u00e1ginas vistas. Se usa para distinguir a los usuarios.<br>TEMPORALIDAD: 24 horas.<br>TITULARIDAD: Google Analytics.<\/p>\n","protected":false},"excerpt":{"rendered":"<p>NOMBRE DE LA COOKIE: wordpress_test_cookieFINALIDAD: Funcional.INFORMACI\u00d3N RECOGIDA: Cookie HTML. Comprueba si se pueden instalar cookies.TEMPORALIDAD: Duraci\u00f3n de la sesi\u00f3n. Cookie de WordPress.TITULARIDAD: Propia. NOMBRE DE LA COOKIE: moove_gdpr_popupFINALIDAD: Funcional.INFORMACI\u00d3N RECOGIDA: Preferencias de consentimiento de cookies. Cookie de GDPR Cookie Compliance.TEMPORALIDAD: 1 a\u00f1o.TITULARIDAD: Propia. NOMBRE DE LA COOKIE: _gaFINALIDAD: Anal\u00edtica.INFORMACI\u00d3N RECOGIDA: Estad\u00edsticas an\u00f3nimas. Se usa para [&hellip;]<\/p>\n","protected":false},"author":1,"featured_media":0,"parent":0,"menu_order":0,"comment_status":"closed","ping_status":"closed","template":"","meta":{"_acf_changed":false,"_vp_format_video_url":"","_vp_image_focal_point":[],"footnotes":""},"class_list":["post-5544","page","type-page","status-publish","hentry"],"acf":[],"yoast_head":"<!-- This site is optimized with the Yoast SEO plugin v25.6 - https:\/\/yoast.com\/wordpress\/plugins\/seo\/ -->\n<title>Pol\u00edtica de cookies - Claudia Vannini<\/title>\n<meta name=\"robots\" content=\"noindex, nofollow\" \/>\n<meta property=\"og:locale\" content=\"es_ES\" \/>\n<meta property=\"og:type\" content=\"article\" \/>\n<meta property=\"og:title\" content=\"Pol\u00edtica de cookies - Claudia Vannini\" \/>\n<meta property=\"og:description\" content=\"NOMBRE DE LA COOKIE: wordpress_test_cookieFINALIDAD: Funcional.INFORMACI\u00d3N RECOGIDA: Cookie HTML. Comprueba si se pueden instalar cookies.TEMPORALIDAD: Duraci\u00f3n de la sesi\u00f3n. Cookie de WordPress.TITULARIDAD: Propia. NOMBRE DE LA COOKIE: moove_gdpr_popupFINALIDAD: Funcional.INFORMACI\u00d3N RECOGIDA: Preferencias de consentimiento de cookies. Cookie de GDPR Cookie Compliance.TEMPORALIDAD: 1 a\u00f1o.TITULARIDAD: Propia. NOMBRE DE LA COOKIE: _gaFINALIDAD: Anal\u00edtica.INFORMACI\u00d3N RECOGIDA: Estad\u00edsticas an\u00f3nimas. Se usa para [&hellip;]\" \/>\n<meta property=\"og:url\" content=\"https:\/\/claudiavanniniweb.com\/es\/politica-de-cookies\/\" \/>\n<meta property=\"og:site_name\" content=\"Claudia Vannini\" \/>\n<meta property=\"article:modified_time\" content=\"2025-09-16T07:19:20+00:00\" \/>\n<meta name=\"twitter:card\" content=\"summary_large_image\" \/>\n<meta name=\"twitter:label1\" content=\"Tiempo de lectura\" \/>\n\t<meta name=\"twitter:data1\" content=\"1 minuto\" \/>\n<script type=\"application\/ld+json\" class=\"yoast-schema-graph\">{\"@context\":\"https:\/\/schema.org\",\"@graph\":[{\"@type\":\"WebPage\",\"@id\":\"https:\/\/claudiavanniniweb.com\/es\/politica-de-cookies\/\",\"url\":\"https:\/\/claudiavanniniweb.com\/es\/politica-de-cookies\/\",\"name\":\"Pol\u00edtica de cookies - Claudia Vannini\",\"isPartOf\":{\"@id\":\"https:\/\/claudiavanniniweb.com\/es\/#website\"},\"datePublished\":\"2025-07-15T07:28:25+00:00\",\"dateModified\":\"2025-09-16T07:19:20+00:00\",\"breadcrumb\":{\"@id\":\"https:\/\/claudiavanniniweb.com\/es\/politica-de-cookies\/#breadcrumb\"},\"inLanguage\":\"es\",\"potentialAction\":[{\"@type\":\"ReadAction\",\"target\":[\"https:\/\/claudiavanniniweb.com\/es\/politica-de-cookies\/\"]}]},{\"@type\":\"BreadcrumbList\",\"@id\":\"https:\/\/claudiavanniniweb.com\/es\/politica-de-cookies\/#breadcrumb\",\"itemListElement\":[{\"@type\":\"ListItem\",\"position\":1,\"name\":\"Portada\",\"item\":\"https:\/\/claudiavanniniweb.com\/es\/\"},{\"@type\":\"ListItem\",\"position\":2,\"name\":\"Pol\u00edtica de cookies\"}]},{\"@type\":\"WebSite\",\"@id\":\"https:\/\/claudiavanniniweb.com\/es\/#website\",\"url\":\"https:\/\/claudiavanniniweb.com\/es\/\",\"name\":\"Claudia Vannini\",\"description\":\"\",\"potentialAction\":[{\"@type\":\"SearchAction\",\"target\":{\"@type\":\"EntryPoint\",\"urlTemplate\":\"https:\/\/claudiavanniniweb.com\/es\/?s={search_term_string}\"},\"query-input\":{\"@type\":\"PropertyValueSpecification\",\"valueRequired\":true,\"valueName\":\"search_term_string\"}}],\"inLanguage\":\"es\"}]}<\/script>\n<!-- \/ Yoast SEO plugin. -->","yoast_head_json":{"title":"Pol\u00edtica de cookies - Claudia Vannini","robots":{"index":"noindex","follow":"nofollow"},"og_locale":"es_ES","og_type":"article","og_title":"Pol\u00edtica de cookies - Claudia Vannini","og_description":"NOMBRE DE LA COOKIE: wordpress_test_cookieFINALIDAD: Funcional.INFORMACI\u00d3N RECOGIDA: Cookie HTML. Comprueba si se pueden instalar cookies.TEMPORALIDAD: Duraci\u00f3n de la sesi\u00f3n. Cookie de WordPress.TITULARIDAD: Propia. NOMBRE DE LA COOKIE: moove_gdpr_popupFINALIDAD: Funcional.INFORMACI\u00d3N RECOGIDA: Preferencias de consentimiento de cookies. Cookie de GDPR Cookie Compliance.TEMPORALIDAD: 1 a\u00f1o.TITULARIDAD: Propia. NOMBRE DE LA COOKIE: _gaFINALIDAD: Anal\u00edtica.INFORMACI\u00d3N RECOGIDA: Estad\u00edsticas an\u00f3nimas. Se usa para [&hellip;]","og_url":"https:\/\/claudiavanniniweb.com\/es\/politica-de-cookies\/","og_site_name":"Claudia Vannini","article_modified_time":"2025-09-16T07:19:20+00:00","twitter_card":"summary_large_image","twitter_misc":{"Tiempo de lectura":"1 minuto"},"schema":{"@context":"https:\/\/schema.org","@graph":[{"@type":"WebPage","@id":"https:\/\/claudiavanniniweb.com\/es\/politica-de-cookies\/","url":"https:\/\/claudiavanniniweb.com\/es\/politica-de-cookies\/","name":"Pol\u00edtica de cookies - Claudia Vannini","isPartOf":{"@id":"https:\/\/claudiavanniniweb.com\/es\/#website"},"datePublished":"2025-07-15T07:28:25+00:00","dateModified":"2025-09-16T07:19:20+00:00","breadcrumb":{"@id":"https:\/\/claudiavanniniweb.com\/es\/politica-de-cookies\/#breadcrumb"},"inLanguage":"es","potentialAction":[{"@type":"ReadAction","target":["https:\/\/claudiavanniniweb.com\/es\/politica-de-cookies\/"]}]},{"@type":"BreadcrumbList","@id":"https:\/\/claudiavanniniweb.com\/es\/politica-de-cookies\/#breadcrumb","itemListElement":[{"@type":"ListItem","position":1,"name":"Portada","item":"https:\/\/claudiavanniniweb.com\/es\/"},{"@type":"ListItem","position":2,"name":"Pol\u00edtica de cookies"}]},{"@type":"WebSite","@id":"https:\/\/claudiavanniniweb.com\/es\/#website","url":"https:\/\/claudiavanniniweb.com\/es\/","name":"Claudia Vannini","description":"","potentialAction":[{"@type":"SearchAction","target":{"@type":"EntryPoint","urlTemplate":"https:\/\/claudiavanniniweb.com\/es\/?s={search_term_string}"},"query-input":{"@type":"PropertyValueSpecification","valueRequired":true,"valueName":"search_term_string"}}],"inLanguage":"es"}]}},"_links":{"self":[{"href":"https:\/\/claudiavanniniweb.com\/es\/wp-json\/wp\/v2\/pages\/5544","targetHints":{"allow":["GET"]}}],"collection":[{"href":"https:\/\/claudiavanniniweb.com\/es\/wp-json\/wp\/v2\/pages"}],"about":[{"href":"https:\/\/claudiavanniniweb.com\/es\/wp-json\/wp\/v2\/types\/page"}],"author":[{"embeddable":true,"href":"https:\/\/claudiavanniniweb.com\/es\/wp-json\/wp\/v2\/users\/1"}],"replies":[{"embeddable":true,"href":"https:\/\/claudiavanniniweb.com\/es\/wp-json\/wp\/v2\/comments?post=5544"}],"version-history":[{"count":3,"href":"https:\/\/claudiavanniniweb.com\/es\/wp-json\/wp\/v2\/pages\/5544\/revisions"}],"predecessor-version":[{"id":5575,"href":"https:\/\/claudiavanniniweb.com\/es\/wp-json\/wp\/v2\/pages\/5544\/revisions\/5575"}],"wp:attachment":[{"href":"https:\/\/claudiavanniniweb.com\/es\/wp-json\/wp\/v2\/media?parent=5544"}],"curies":[{"name":"wp","href":"https:\/\/api.w.org\/{rel}","templated":true}]}}